


{"id":2,"date":"2022-07-25T16:26:38","date_gmt":"2022-07-25T14:26:38","guid":{"rendered":"https:\/\/radicemobili.com\/2022\/?page_id=2"},"modified":"2024-12-12T00:12:36","modified_gmt":"2024-12-11T23:12:36","slug":"","status":"publish","type":"page","link":"https:\/\/radicemobili.com\/en\/","title":{"rendered":"Untitled","raw":""},"content":{"rendered":"","protected":false,"raw":""},"excerpt":{"rendered":"","protected":false,"raw":""},"author":1,"featured_media":0,"parent":0,"menu_order":0,"comment_status":"closed","ping_status":"open","template":"template-homepage.php","meta":{"_acf_changed":false,"_it_post_content":"","_it_post_name":"home","_it_post_excerpt":"","_it_post_title":"Home","_en_post_content":"","_en_post_name":"","_en_post_excerpt":"","_en_post_title":"","edit_language":"en","footnotes":""},"class_list":["post-2","page","type-page","status-publish","hentry"],"acf":[],"yoast_head":"<!-- This site is optimized with the Yoast SEO plugin v27.1.1 - https:\/\/yoast.com\/product\/yoast-seo-wordpress\/ -->\n<title>Radice Mobili - Armadi su misura a Figino Serenza, Cant\u00f9 - Arredo su misura a Figino Serenza, Cant\u00f9<\/title>\n<meta name=\"description\" content=\"Dal 1848 a Figino Serenza, Cant\u00f9. Scopri la nostra nuova collezione artigianale di armadi, letti, e arredi su misura.\" \/>\n<meta name=\"robots\" content=\"index, follow, max-snippet:-1, max-image-preview:large, max-video-preview:-1\" \/>\n<link rel=\"canonical\" href=\"https:\/\/radicemobili.com\/\" \/>\n<meta property=\"og:locale\" content=\"en_GB\" \/>\n<meta property=\"og:type\" content=\"article\" \/>\n<meta property=\"og:title\" content=\"Radice Mobili - Armadi su misura a Figino Serenza, Cant\u00f9 - Arredo su misura a Figino Serenza, Cant\u00f9\" \/>\n<meta property=\"og:description\" content=\"Dal 1848 a Figino Serenza, Cant\u00f9. Scopri la nostra nuova collezione artigianale di armadi, letti, e arredi su misura.\" \/>\n<meta property=\"og:url\" content=\"https:\/\/radicemobili.com\/\" \/>\n<meta property=\"og:site_name\" content=\"Radice Mobili - Armadi su misura a Figino Serenza, Cant\u00f9\" \/>\n<meta property=\"article:publisher\" content=\"https:\/\/www.facebook.com\/radicemobili\" \/>\n<meta property=\"article:modified_time\" content=\"2024-12-11T23:12:36+00:00\" \/>\n<meta name=\"twitter:card\" content=\"summary_large_image\" \/>\n<script type=\"application\/ld+json\" class=\"yoast-schema-graph\">{\"@context\":\"https:\/\/schema.org\",\"@graph\":[{\"@type\":\"WebPage\",\"@id\":\"https:\/\/radicemobili.com\/\",\"url\":\"https:\/\/radicemobili.com\/\",\"name\":\"Radice Mobili - Armadi su misura a Figino Serenza, Cant\u00f9 - Arredo su misura a Figino Serenza, Cant\u00f9\",\"isPartOf\":{\"@id\":\"https:\/\/radicemobili.com\/#website\"},\"datePublished\":\"2022-07-25T14:26:38+00:00\",\"dateModified\":\"2024-12-11T23:12:36+00:00\",\"description\":\"Dal 1848 a Figino Serenza, Cant\u00f9. Scopri la nostra nuova collezione artigianale di armadi, letti, e arredi su misura.\",\"breadcrumb\":{\"@id\":\"https:\/\/radicemobili.com\/#breadcrumb\"},\"inLanguage\":\"en-GB\",\"potentialAction\":[{\"@type\":\"ReadAction\",\"target\":[\"https:\/\/radicemobili.com\/\"]}]},{\"@type\":\"BreadcrumbList\",\"@id\":\"https:\/\/radicemobili.com\/#breadcrumb\",\"itemListElement\":[{\"@type\":\"ListItem\",\"position\":1,\"name\":\"Home\",\"item\":\"https:\/\/radicemobili.com\/\"},{\"@type\":\"ListItem\",\"position\":2,\"name\":\"Home\"}]},{\"@type\":\"WebSite\",\"@id\":\"https:\/\/radicemobili.com\/#website\",\"url\":\"https:\/\/radicemobili.com\/\",\"name\":\"Radice Mobili\",\"description\":\"Progettiamo e realizziamo soluzioni personalizzate per camere da letto, cabine armadio e ambienti su misura in Brianza e provincia di Como\",\"publisher\":{\"@id\":\"https:\/\/radicemobili.com\/#organization\"},\"potentialAction\":[{\"@type\":\"SearchAction\",\"target\":{\"@type\":\"EntryPoint\",\"urlTemplate\":\"https:\/\/radicemobili.com\/?s={search_term_string}\"},\"query-input\":{\"@type\":\"PropertyValueSpecification\",\"valueRequired\":true,\"valueName\":\"search_term_string\"}}],\"inLanguage\":\"en-GB\"},{\"@type\":\"Organization\",\"@id\":\"https:\/\/radicemobili.com\/#organization\",\"name\":\"Radice Mobili\",\"url\":\"https:\/\/radicemobili.com\/\",\"logo\":{\"@type\":\"ImageObject\",\"inLanguage\":\"en-GB\",\"@id\":\"https:\/\/radicemobili.com\/#\/schema\/logo\/image\/\",\"url\":\"https:\/\/radicemobili.com\/2022\/wp-content\/uploads\/2024\/12\/Radice.png\",\"contentUrl\":\"https:\/\/radicemobili.com\/2022\/wp-content\/uploads\/2024\/12\/Radice.png\",\"width\":314,\"height\":96,\"caption\":\"Radice Mobili\"},\"image\":{\"@id\":\"https:\/\/radicemobili.com\/#\/schema\/logo\/image\/\"},\"sameAs\":[\"https:\/\/www.facebook.com\/radicemobili\",\"https:\/\/www.instagram.com\/radice_mobili_official\/\"]}]}<\/script>\n<!-- \/ Yoast SEO plugin. -->","yoast_head_json":{"title":"Radice Mobili - Armadi su misura a Figino Serenza, Cant\u00f9 - Arredo su misura a Figino Serenza, Cant\u00f9","description":"Dal 1848 a Figino Serenza, Cant\u00f9. Scopri la nostra nuova collezione artigianale di armadi, letti, e arredi su misura.","robots":{"index":"index","follow":"follow","max-snippet":"max-snippet:-1","max-image-preview":"max-image-preview:large","max-video-preview":"max-video-preview:-1"},"canonical":"https:\/\/radicemobili.com\/","og_locale":"en_GB","og_type":"article","og_title":"Radice Mobili - Armadi su misura a Figino Serenza, Cant\u00f9 - Arredo su misura a Figino Serenza, Cant\u00f9","og_description":"Dal 1848 a Figino Serenza, Cant\u00f9. Scopri la nostra nuova collezione artigianale di armadi, letti, e arredi su misura.","og_url":"https:\/\/radicemobili.com\/","og_site_name":"Radice Mobili - Armadi su misura a Figino Serenza, Cant\u00f9","article_publisher":"https:\/\/www.facebook.com\/radicemobili","article_modified_time":"2024-12-11T23:12:36+00:00","twitter_card":"summary_large_image","schema":{"@context":"https:\/\/schema.org","@graph":[{"@type":"WebPage","@id":"https:\/\/radicemobili.com\/","url":"https:\/\/radicemobili.com\/","name":"Radice Mobili - Armadi su misura a Figino Serenza, Cant\u00f9 - Arredo su misura a Figino Serenza, Cant\u00f9","isPartOf":{"@id":"https:\/\/radicemobili.com\/#website"},"datePublished":"2022-07-25T14:26:38+00:00","dateModified":"2024-12-11T23:12:36+00:00","description":"Dal 1848 a Figino Serenza, Cant\u00f9. Scopri la nostra nuova collezione artigianale di armadi, letti, e arredi su misura.","breadcrumb":{"@id":"https:\/\/radicemobili.com\/#breadcrumb"},"inLanguage":"en-GB","potentialAction":[{"@type":"ReadAction","target":["https:\/\/radicemobili.com\/"]}]},{"@type":"BreadcrumbList","@id":"https:\/\/radicemobili.com\/#breadcrumb","itemListElement":[{"@type":"ListItem","position":1,"name":"Home","item":"https:\/\/radicemobili.com\/"},{"@type":"ListItem","position":2,"name":"Home"}]},{"@type":"WebSite","@id":"https:\/\/radicemobili.com\/#website","url":"https:\/\/radicemobili.com\/","name":"Radice Mobili","description":"Progettiamo e realizziamo soluzioni personalizzate per camere da letto, cabine armadio e ambienti su misura in Brianza e provincia di Como","publisher":{"@id":"https:\/\/radicemobili.com\/#organization"},"potentialAction":[{"@type":"SearchAction","target":{"@type":"EntryPoint","urlTemplate":"https:\/\/radicemobili.com\/?s={search_term_string}"},"query-input":{"@type":"PropertyValueSpecification","valueRequired":true,"valueName":"search_term_string"}}],"inLanguage":"en-GB"},{"@type":"Organization","@id":"https:\/\/radicemobili.com\/#organization","name":"Radice Mobili","url":"https:\/\/radicemobili.com\/","logo":{"@type":"ImageObject","inLanguage":"en-GB","@id":"https:\/\/radicemobili.com\/#\/schema\/logo\/image\/","url":"https:\/\/radicemobili.com\/2022\/wp-content\/uploads\/2024\/12\/Radice.png","contentUrl":"https:\/\/radicemobili.com\/2022\/wp-content\/uploads\/2024\/12\/Radice.png","width":314,"height":96,"caption":"Radice Mobili"},"image":{"@id":"https:\/\/radicemobili.com\/#\/schema\/logo\/image\/"},"sameAs":["https:\/\/www.facebook.com\/radicemobili","https:\/\/www.instagram.com\/radice_mobili_official\/"]}]}},"_links":{"self":[{"href":"https:\/\/radicemobili.com\/en\/wp-json\/wp\/v2\/pages\/2","targetHints":{"allow":["GET"]}}],"collection":[{"href":"https:\/\/radicemobili.com\/en\/wp-json\/wp\/v2\/pages"}],"about":[{"href":"https:\/\/radicemobili.com\/en\/wp-json\/wp\/v2\/types\/page"}],"author":[{"embeddable":true,"href":"https:\/\/radicemobili.com\/en\/wp-json\/wp\/v2\/users\/1"}],"replies":[{"embeddable":true,"href":"https:\/\/radicemobili.com\/en\/wp-json\/wp\/v2\/comments?post=2"}],"version-history":[{"count":3,"href":"https:\/\/radicemobili.com\/en\/wp-json\/wp\/v2\/pages\/2\/revisions"}],"predecessor-version":[{"id":583,"href":"https:\/\/radicemobili.com\/en\/wp-json\/wp\/v2\/pages\/2\/revisions\/583"}],"wp:attachment":[{"href":"https:\/\/radicemobili.com\/en\/wp-json\/wp\/v2\/media?parent=2"}],"curies":[{"name":"wp","href":"https:\/\/api.w.org\/{rel}","templated":true}]}}